{"id":118,"date":"2024-09-20T19:59:01","date_gmt":"2024-09-20T19:59:01","guid":{"rendered":"https:\/\/attentive-arya-7rz.zipwp.link\/?page_id=118"},"modified":"2024-09-26T19:56:19","modified_gmt":"2024-09-26T19:56:19","slug":"about","status":"publish","type":"page","link":"https:\/\/suduvosklevas.lt\/en\/about\/","title":{"rendered":"About us"},"content":{"rendered":"<div class=\"wp-block-uagb-container uagb-block-7fa683e6 alignfull uagb-is-root-container\"><div class=\"uagb-container-inner-blocks-wrap\">\n<div class=\"wp-block-uagb-advanced-heading uagb-block-74b342eb\"><h1 class=\"uagb-heading-text\">About us<\/h1><\/div>\n<\/div><\/div>\n\n\n\n<div class=\"wp-block-uagb-container uagb-block-94ded581 alignfull uagb-is-root-container\"><div class=\"uagb-container-inner-blocks-wrap\">\n<div class=\"wp-block-uagb-advanced-heading uagb-block-671f3570\"><h2 class=\"uagb-heading-text\">Our journey towards sustainable packaging<\/h2><\/div>\n\n\n\n<div class=\"wp-block-uagb-container uagb-block-21891d52\">\n<div class=\"wp-block-uagb-container uagb-block-8a4a99e4\">\n<div class=\"wp-block-uagb-image alignleft uagb-block-e71a6b83 wp-block-uagb-image--layout-default wp-block-uagb-image--effect-static wp-block-uagb-image--align-left\"><figure class=\"wp-block-uagb-image__figure\"><img loading=\"lazy\" decoding=\"async\" srcset=\"https:\/\/suduvosklevas.lt\/wp-content\/uploads\/2024\/09\/1-20240911-112115v2-scaled.jpg ,https:\/\/suduvosklevas.lt\/wp-content\/uploads\/2024\/09\/1-20240911-112115v2-scaled.jpg 780w\" sizes=\"auto, (max-width: 480px) 150px\" src=\"https:\/\/suduvosklevas.lt\/wp-content\/uploads\/2024\/09\/1-20240911-112115v2-scaled.jpg\" alt=\"\" class=\"uag-image-1576\" width=\"526\" height=\"536\" title=\"\" role=\"img\"\/><\/figure><\/div>\n<\/div>\n\n\n\n<div class=\"wp-block-uagb-container uagb-block-7e959f87\">\n<div class=\"wp-block-uagb-info-box uagb-block-4960c374 uagb-infobox__content-wrap  uagb-infobox-icon-above-title uagb-infobox-image-valign-top\"><div class=\"uagb-ifb-content\"><div class=\"uagb-ifb-title-wrap\"><h3 class=\"uagb-ifb-title\">UAB \"S\u016bduvos Klevas\" was founded in 1991.  <br>Specializing in the production of polyethylene (HDPE, LDPE) and polypropylene (CPP, BOPP) packaging. We produce various bags and films. <\/h3><\/div><p class=\"uagb-ifb-desc\">The company started its journey as a small company focusing on traditional packaging methods, and has since evolved significantly to include advanced technologies and processes. The company is also involved in polyethylene processing and production of products from secondary raw materials.<br><br>Over the years, we have supplied packaging to a diverse range of clients, from local businesses or farmers to multinationals, ensuring that their packaging needs are met.<\/p><\/div><\/div>\n<\/div>\n<\/div>\n<\/div><\/div>\n\n\n\n<div class=\"wp-block-uagb-container uagb-block-cc344175 alignfull uagb-is-root-container\"><div class=\"uagb-container-inner-blocks-wrap\">\n<div class=\"wp-block-uagb-advanced-heading uagb-block-7b2294a3\"><h2 class=\"uagb-heading-text\">Why choose us?<\/h2><\/div>\n\n\n\n<div class=\"wp-block-uagb-container uagb-block-ecb8dade\">\n<div class=\"wp-block-uagb-advanced-heading uagb-block-bef7d43a\"><h3 class=\"uagb-heading-text\"><strong>Product range<\/strong><\/h3><p class=\"uagb-desc-text\">We can offer a wide range of packaging bags, films and garbage bags, adapted to various needs and industry standards.<\/p><\/div>\n\n\n\n<div class=\"wp-block-uagb-advanced-heading uagb-block-b863782d\"><h3 class=\"uagb-heading-text\">Sustainability<\/h3><p class=\"uagb-desc-text\">Our commitment to recycling and using recycled materials reflects our dedication to protecting the environment for future generations. More than half of all the company's products are made from recycled plastic.<\/p><\/div>\n\n\n\n<div class=\"wp-block-uagb-advanced-heading uagb-block-9f890ad2\"><h3 class=\"uagb-heading-text\"><strong>Quality and innovation<\/strong><\/h3><p class=\"uagb-desc-text\">We strive for continuous improvement by investing in the latest technologies, increasing production efficiency and product offering.<\/p><\/div>\n<\/div>\n<\/div><\/div>\n\n\n\n<div class=\"wp-block-uagb-container uagb-block-c84325e4 alignfull uagb-is-root-container\"><div class=\"uagb-container-inner-blocks-wrap\">\n<div class=\"wp-block-uagb-info-box uagb-block-d8a09d88 uagb-infobox__content-wrap  uagb-infobox-icon-above-title uagb-infobox-image-valign-top\"><div class=\"uagb-ifb-content\"><div class=\"uagb-ifb-title-wrap\"><h2 class=\"uagb-ifb-title\">Let's work together!<\/h2><\/div><p class=\"uagb-ifb-desc\">Contact us today! Let's find the best packaging solution for your business!<\/p><div class=\"uagb-ifb-button-wrapper wp-block-button\"><a href=\"https:\/\/suduvosklevas.lt\/en\/contact\/\" class=\"uagb-infobox-cta-link wp-block-button__link\" target=\"_self\" rel=\"noopener noreferrer\" onclick=\"return true;\"><span class=\"uagb-inline-editing\">Contacts<\/span><\/a><\/div><\/div><\/div>\n<\/div><\/div>","protected":false},"excerpt":{"rendered":"<p>Apie mus M\u016bs\u0173 kelion\u0117 tvarios pakuot\u0117s link Kod\u0117l verta rinktis mus? Produkt\u0173 asortimentas Galime pasi\u016blyti plat\u0173 pakavimo mai\u0161\u0173, pl\u0117veli\u0173 bei [&hellip;]<\/p>","protected":false},"author":9,"featured_media":0,"parent":0,"menu_order":0,"comment_status":"closed","ping_status":"closed","template":"","meta":{"_uag_custom_page_level_css":"","site-sidebar-layout":"default","site-content-layout":"","ast-site-content-layout":"default","site-content-style":"default","site-sidebar-style":"default","ast-global-header-display":"","ast-banner-title-visibility":"","ast-main-header-display":"","ast-hfb-above-header-display":"","ast-hfb-below-header-display":"","ast-hfb-mobile-header-display":"","site-post-title":"disabled","ast-breadcrumbs-content":"","ast-featured-img":"","footer-sml-layout":"","ast-disable-related-posts":"","theme-transparent-header-meta":"enabled","adv-header-id-meta":"","stick-header-meta":"","header-above-stick-meta":"","header-main-stick-meta":"","header-below-stick-meta":"","astra-migrate-meta-layouts":"set","ast-page-background-enabled":"default","ast-page-background-meta":{"desktop":{"background-color":"var(--ast-global-color-4)","background-image":"","background-repeat":"repeat","background-position":"center center","background-size":"auto","background-attachment":"scroll","background-type":"","background-media":"","overlay-type":"","overlay-color":"","overlay-opacity":"","overlay-gradient":""},"tablet":{"background-color":"","background-image":"","background-repeat":"repeat","background-position":"center center","background-size":"auto","background-attachment":"scroll","background-type":"","background-media":"","overlay-type":"","overlay-color":"","overlay-opacity":"","overlay-gradient":""},"mobile":{"background-color":"","background-image":"","background-repeat":"repeat","background-position":"center center","background-size":"auto","background-attachment":"scroll","background-type":"","background-media":"","overlay-type":"","overlay-color":"","overlay-opacity":"","overlay-gradient":""}},"ast-content-background-meta":{"desktop":{"background-color":"var(--ast-global-color-5)","background-image":"","background-repeat":"repeat","background-position":"center center","background-size":"auto","background-attachment":"scroll","background-type":"","background-media":"","overlay-type":"","overlay-color":"","overlay-opacity":"","overlay-gradient":""},"tablet":{"background-color":"var(--ast-global-color-5)","background-image":"","background-repeat":"repeat","background-position":"center center","background-size":"auto","background-attachment":"scroll","background-type":"","background-media":"","overlay-type":"","overlay-color":"","overlay-opacity":"","overlay-gradient":""},"mobile":{"background-color":"var(--ast-global-color-5)","background-image":"","background-repeat":"repeat","background-position":"center center","background-size":"auto","background-attachment":"scroll","background-type":"","background-media":"","overlay-type":"","overlay-color":"","overlay-opacity":"","overlay-gradient":""}},"footnotes":""},"class_list":["post-118","page","type-page","status-publish","hentry"],"uagb_featured_image_src":{"full":false,"thumbnail":false,"medium":false,"medium_large":false,"large":false,"1536x1536":false,"2048x2048":false,"trp-custom-language-flag":false},"uagb_author_info":{"display_name":"VTK","author_link":"https:\/\/suduvosklevas.lt\/en\/author\/xasecv1gal5q\/"},"uagb_comment_info":0,"uagb_excerpt":"Apie mus M\u016bs\u0173 kelion\u0117 tvarios pakuot\u0117s link Kod\u0117l verta rinktis mus? Produkt\u0173 asortimentas Galime pasi\u016blyti plat\u0173 pakavimo mai\u0161\u0173, pl\u0117veli\u0173 bei [&hellip;]","_links":{"self":[{"href":"https:\/\/suduvosklevas.lt\/en\/wp-json\/wp\/v2\/pages\/118","targetHints":{"allow":["GET"]}}],"collection":[{"href":"https:\/\/suduvosklevas.lt\/en\/wp-json\/wp\/v2\/pages"}],"about":[{"href":"https:\/\/suduvosklevas.lt\/en\/wp-json\/wp\/v2\/types\/page"}],"author":[{"embeddable":true,"href":"https:\/\/suduvosklevas.lt\/en\/wp-json\/wp\/v2\/users\/9"}],"replies":[{"embeddable":true,"href":"https:\/\/suduvosklevas.lt\/en\/wp-json\/wp\/v2\/comments?post=118"}],"version-history":[{"count":8,"href":"https:\/\/suduvosklevas.lt\/en\/wp-json\/wp\/v2\/pages\/118\/revisions"}],"predecessor-version":[{"id":1737,"href":"https:\/\/suduvosklevas.lt\/en\/wp-json\/wp\/v2\/pages\/118\/revisions\/1737"}],"wp:attachment":[{"href":"https:\/\/suduvosklevas.lt\/en\/wp-json\/wp\/v2\/media?parent=118"}],"curies":[{"name":"wp","href":"https:\/\/api.w.org\/{rel}","templated":true}]}}