{"id":228,"date":"2024-09-20T19:59:00","date_gmt":"2024-09-20T19:59:00","guid":{"rendered":"https:\/\/attentive-arya-7rz.zipwp.link\/?page_id=228"},"modified":"2024-09-26T20:19:44","modified_gmt":"2024-09-26T20:19:44","slug":"contact","status":"publish","type":"page","link":"https:\/\/suduvosklevas.lt\/en\/contact\/","title":{"rendered":"Contacts"},"content":{"rendered":"<div class=\"wp-block-uagb-container uagb-block-91a1a3a6 alignfull uagb-is-root-container\"><div class=\"uagb-container-inner-blocks-wrap\">\n<div class=\"wp-block-uagb-advanced-heading uagb-block-bacd11a8\"><h1 class=\"uagb-heading-text\">Contact us!<\/h1><\/div>\n<\/div><\/div>\n\n\n\n<div class=\"wp-block-uagb-container uagb-block-a5d56547 alignfull uagb-is-root-container\"><div class=\"uagb-container-inner-blocks-wrap\">\n<p><\/p>\n<\/div><\/div>\n\n\n\n<div class=\"wp-block-uagb-container uagb-block-c7fc04cb alignfull uagb-is-root-container\"><div class=\"uagb-container-inner-blocks-wrap\">\n<div class=\"wp-block-uagb-container uagb-block-4e4d35a0\">\n<div class=\"wp-block-uagb-image uagb-block-4f9e5836 wp-block-uagb-image--layout-default wp-block-uagb-image--effect-static wp-block-uagb-image--align-none\"><figure class=\"wp-block-uagb-image__figure\"><img loading=\"lazy\" decoding=\"async\" srcset=\"https:\/\/suduvosklevas.lt\/wp-content\/uploads\/2024\/09\/mail-2569-1.png ,https:\/\/suduvosklevas.lt\/wp-content\/uploads\/2024\/09\/mail-2569-1.png 780w, https:\/\/suduvosklevas.lt\/wp-content\/uploads\/2024\/09\/mail-2569-1.png 360w\" sizes=\"auto, (max-width: 480px) 150px\" src=\"https:\/\/suduvosklevas.lt\/wp-content\/uploads\/2024\/09\/mail-2569-1.png\" alt=\"\" class=\"uag-image-1673\" width=\"57\" height=\"57\" title=\"mail-2569\" role=\"img\"\/><\/figure><\/div>\n\n\n\n<p><br><br>suduvosklevas@yahoo.com<br><br><br><br><br><\/p>\n<\/div>\n\n\n\n<div class=\"wp-block-uagb-container uagb-block-0e33e56d\">\n<div class=\"wp-block-uagb-image uagb-block-fabd11c6 wp-block-uagb-image--layout-default wp-block-uagb-image--effect-static wp-block-uagb-image--align-none\"><figure class=\"wp-block-uagb-image__figure\"><img loading=\"lazy\" decoding=\"async\" srcset=\"https:\/\/suduvosklevas.lt\/wp-content\/uploads\/2024\/09\/phone-504.png ,https:\/\/suduvosklevas.lt\/wp-content\/uploads\/2024\/09\/phone-504.png 780w, https:\/\/suduvosklevas.lt\/wp-content\/uploads\/2024\/09\/phone-504.png 360w\" sizes=\"auto, (max-width: 480px) 150px\" src=\"https:\/\/suduvosklevas.lt\/wp-content\/uploads\/2024\/09\/phone-504.png\" alt=\"\" class=\"uag-image-1674\" width=\"51\" height=\"51\" title=\"phone-504\" role=\"img\"\/><\/figure><\/div>\n\n\n\n<p><br>Director Vacius Kliu\u010dinskas<br>+370-612-71345<br><br>Production manager Vytautas Kliu\u010dinskas<br>+370-613-33085<br><br><\/p>\n<\/div>\n\n\n\n<div class=\"wp-block-uagb-container uagb-block-09df6266\">\n<div class=\"wp-block-uagb-image uagb-block-78447f27 wp-block-uagb-image--layout-default wp-block-uagb-image--effect-static wp-block-uagb-image--align-none\"><figure class=\"wp-block-uagb-image__figure\"><img loading=\"lazy\" decoding=\"async\" srcset=\"https:\/\/suduvosklevas.lt\/wp-content\/uploads\/2024\/09\/location-pointer-2961.png ,https:\/\/suduvosklevas.lt\/wp-content\/uploads\/2024\/09\/location-pointer-2961.png 780w, https:\/\/suduvosklevas.lt\/wp-content\/uploads\/2024\/09\/location-pointer-2961.png 360w\" sizes=\"auto, (max-width: 480px) 150px\" src=\"https:\/\/suduvosklevas.lt\/wp-content\/uploads\/2024\/09\/location-pointer-2961.png\" alt=\"\" class=\"uag-image-1675\" width=\"53\" height=\"53\" title=\"location-pointer-2961\" role=\"img\"\/><\/figure><\/div>\n\n\n\n<p><br>Pata\u0161in\u0117s str. 21<br>Pata\u0161in\u0117<br>Marijampol\u0117s municipality<br>LT-69104<br>Lithuania<br><br><\/p>\n<\/div>\n<\/div><\/div>\n\n\n\n<div class=\"wp-block-uagb-container uagb-block-18078a59 alignfull uagb-is-root-container\"><div class=\"uagb-container-inner-blocks-wrap\">\n<div class=\"wp-block-uagb-container uagb-block-d96c3680\">\n<iframe src=\"https:\/\/www.google.com\/maps\/embed?pb=!1m18!1m12!1m3!1d11664.573661575076!2d23.438168222070466!3d54.541524678648955!2m3!1f0!2f0!3f0!3m2!1i1024!2i768!4f13.1!3m3!1m2!1s0x46e72889324bb92b%3A0x3960a00e6a52e8f4!2sS%C5%ABduvos%20klevas!5e0!3m2!1slt!2slt!4v1727274004883!5m2!1slt!2slt\" width=\"600\" height=\"450\" style=\"border:0;\" allowfullscreen=\"\" loading=\"lazy\" referrerpolicy=\"no-referrer-when-downgrade\"><\/iframe>\n<\/div>\n<\/div><\/div>\n\n\n\n<div class=\"wp-block-uagb-container uagb-block-c84325e4 alignfull uagb-is-root-container\"><div class=\"uagb-container-inner-blocks-wrap\">\n<div class=\"wp-block-uagb-info-box uagb-block-d8a09d88 uagb-infobox__content-wrap  uagb-infobox-icon-above-title uagb-infobox-image-valign-top\"><div class=\"uagb-ifb-content\"><div class=\"uagb-ifb-title-wrap\"><h2 class=\"uagb-ifb-title\">Let's work together!<\/h2><\/div><p class=\"uagb-ifb-desc\">Contact us today! Let's find the best packaging solution for your business!<\/p><div class=\"uagb-ifb-button-wrapper wp-block-button\"><a href=\"https:\/\/suduvosklevas.lt\/en\/contact\/\" class=\"uagb-infobox-cta-link wp-block-button__link\" target=\"_self\" rel=\"noopener noreferrer\" onclick=\"return true;\"><span class=\"uagb-inline-editing\">Contacts<\/span><\/a><\/div><\/div><\/div>\n<\/div><\/div>\n\n\n\n<p><\/p>","protected":false},"excerpt":{"rendered":"<p>Susisiekime! suduvosklevas@yahoo.com Direktorius Vacius Kliu\u010dinskas+370-612-71345 Gamybos vadovas Vytautas Kliu\u010dinskas+370-613-33085 Pata\u0161in\u0117s g. 21Pata\u0161in\u0117Marijampol\u0117s savivaldyb\u0117LT-69104Lietuva<\/p>","protected":false},"author":9,"featured_media":0,"parent":0,"menu_order":0,"comment_status":"closed","ping_status":"closed","template":"","meta":{"_uag_custom_page_level_css":"","site-sidebar-layout":"default","site-content-layout":"","ast-site-content-layout":"default","site-content-style":"default","site-sidebar-style":"default","ast-global-header-display":"","ast-banner-title-visibility":"","ast-main-header-display":"","ast-hfb-above-header-display":"","ast-hfb-below-header-display":"","ast-hfb-mobile-header-display":"","site-post-title":"disabled","ast-breadcrumbs-content":"","ast-featured-img":"","footer-sml-layout":"","ast-disable-related-posts":"","theme-transparent-header-meta":"enabled","adv-header-id-meta":"","stick-header-meta":"","header-above-stick-meta":"","header-main-stick-meta":"","header-below-stick-meta":"","astra-migrate-meta-layouts":"set","ast-page-background-enabled":"default","ast-page-background-meta":{"desktop":{"background-color":"var(--ast-global-color-4)","background-image":"","background-repeat":"repeat","background-position":"center center","background-size":"auto","background-attachment":"scroll","background-type":"","background-media":"","overlay-type":"","overlay-color":"","overlay-opacity":"","overlay-gradient":""},"tablet":{"background-color":"","background-image":"","background-repeat":"repeat","background-position":"center center","background-size":"auto","background-attachment":"scroll","background-type":"","background-media":"","overlay-type":"","overlay-color":"","overlay-opacity":"","overlay-gradient":""},"mobile":{"background-color":"","background-image":"","background-repeat":"repeat","background-position":"center center","background-size":"auto","background-attachment":"scroll","background-type":"","background-media":"","overlay-type":"","overlay-color":"","overlay-opacity":"","overlay-gradient":""}},"ast-content-background-meta":{"desktop":{"background-color":"var(--ast-global-color-5)","background-image":"","background-repeat":"repeat","background-position":"center center","background-size":"auto","background-attachment":"scroll","background-type":"","background-media":"","overlay-type":"","overlay-color":"","overlay-opacity":"","overlay-gradient":""},"tablet":{"background-color":"var(--ast-global-color-5)","background-image":"","background-repeat":"repeat","background-position":"center center","background-size":"auto","background-attachment":"scroll","background-type":"","background-media":"","overlay-type":"","overlay-color":"","overlay-opacity":"","overlay-gradient":""},"mobile":{"background-color":"var(--ast-global-color-5)","background-image":"","background-repeat":"repeat","background-position":"center center","background-size":"auto","background-attachment":"scroll","background-type":"","background-media":"","overlay-type":"","overlay-color":"","overlay-opacity":"","overlay-gradient":""}},"footnotes":""},"class_list":["post-228","page","type-page","status-publish","hentry"],"uagb_featured_image_src":{"full":false,"thumbnail":false,"medium":false,"medium_large":false,"large":false,"1536x1536":false,"2048x2048":false,"trp-custom-language-flag":false},"uagb_author_info":{"display_name":"VTK","author_link":"https:\/\/suduvosklevas.lt\/en\/author\/xasecv1gal5q\/"},"uagb_comment_info":0,"uagb_excerpt":"Susisiekime! suduvosklevas@yahoo.com Direktorius Vacius Kliu\u010dinskas+370-612-71345 Gamybos vadovas Vytautas Kliu\u010dinskas+370-613-33085 Pata\u0161in\u0117s g. 21Pata\u0161in\u0117Marijampol\u0117s savivaldyb\u0117LT-69104Lietuva","_links":{"self":[{"href":"https:\/\/suduvosklevas.lt\/en\/wp-json\/wp\/v2\/pages\/228","targetHints":{"allow":["GET"]}}],"collection":[{"href":"https:\/\/suduvosklevas.lt\/en\/wp-json\/wp\/v2\/pages"}],"about":[{"href":"https:\/\/suduvosklevas.lt\/en\/wp-json\/wp\/v2\/types\/page"}],"author":[{"embeddable":true,"href":"https:\/\/suduvosklevas.lt\/en\/wp-json\/wp\/v2\/users\/9"}],"replies":[{"embeddable":true,"href":"https:\/\/suduvosklevas.lt\/en\/wp-json\/wp\/v2\/comments?post=228"}],"version-history":[{"count":52,"href":"https:\/\/suduvosklevas.lt\/en\/wp-json\/wp\/v2\/pages\/228\/revisions"}],"predecessor-version":[{"id":1740,"href":"https:\/\/suduvosklevas.lt\/en\/wp-json\/wp\/v2\/pages\/228\/revisions\/1740"}],"wp:attachment":[{"href":"https:\/\/suduvosklevas.lt\/en\/wp-json\/wp\/v2\/media?parent=228"}],"curies":[{"name":"wp","href":"https:\/\/api.w.org\/{rel}","templated":true}]}}