{"id":8,"date":"2024-09-20T19:58:59","date_gmt":"2024-09-20T19:58:59","guid":{"rendered":"https:\/\/attentive-arya-7rz.zipwp.link\/?page_id=8"},"modified":"2024-09-25T19:20:38","modified_gmt":"2024-09-25T19:20:38","slug":"home","status":"publish","type":"page","link":"https:\/\/suduvosklevas.lt\/en\/","title":{"rendered":"Home"},"content":{"rendered":"<div class=\"wp-block-uagb-container uagb-block-edf9ad47 alignfull uagb-is-root-container\"><div class=\"uagb-container-inner-blocks-wrap\">\n<div class=\"wp-block-uagb-info-box uagb-block-360d083e uagb-infobox__content-wrap  uagb-infobox-icon-above-title uagb-infobox-image-valign-top\"><div class=\"uagb-ifb-content\"><div class=\"uagb-ifb-title-wrap\"><h1 class=\"uagb-ifb-title\">Production of plastic packaging<\/h1><\/div><p class=\"uagb-ifb-desc\">High-quality polyethylene and polypropylene packaging tailored to meet your business needs since 1991.<\/p><div class=\"uagb-ifb-button-wrapper wp-block-button\"><a href=\"https:\/\/suduvosklevas.lt\/en\/contact\/\" class=\"uagb-infobox-cta-link wp-block-button__link\" target=\"_self\" rel=\"noopener noreferrer\" onclick=\"return true;\"><span class=\"uagb-inline-editing\">Contacts<\/span><\/a><\/div><\/div><\/div>\n<\/div><\/div>\n\n\n\n<div class=\"wp-block-uagb-container uagb-block-cd2fc679 alignfull uagb-is-root-container\"><div class=\"uagb-container-inner-blocks-wrap\">\n<div class=\"wp-block-uagb-info-box uagb-block-3b175fd5 uagb-infobox__content-wrap  uagb-infobox-icon-above-title uagb-infobox-image-valign-top\"><div class=\"uagb-ifb-content\"><div class=\"uagb-ifb-title-wrap\"><h2 class=\"uagb-ifb-title\">Packaging solutions for you<\/h2><\/div><p class=\"uagb-ifb-desc\">Check out our wide range of packaging products to suit different needs and industry standards.<\/p><\/div><\/div>\n\n\n\n<div class=\"wp-block-uagb-container uagb-block-93377a07\">\n<div class=\"wp-block-uagb-container uagb-block-fae5d157\">\n<div class=\"wp-block-uagb-image alignleft uagb-block-df4cd6be wp-block-uagb-image--layout-default wp-block-uagb-image--effect-static wp-block-uagb-image--align-left\"><figure class=\"wp-block-uagb-image__figure\"><img loading=\"lazy\" decoding=\"async\" srcset=\"https:\/\/suduvosklevas.lt\/wp-content\/uploads\/2024\/09\/P1014302-1024x768.jpg ,https:\/\/suduvosklevas.lt\/wp-content\/uploads\/2024\/09\/P1014302-scaled.jpg 780w, https:\/\/suduvosklevas.lt\/wp-content\/uploads\/2024\/09\/P1014302-scaled.jpg 360w\" sizes=\"auto, (max-width: 480px) 150px\" src=\"https:\/\/suduvosklevas.lt\/wp-content\/uploads\/2024\/09\/P1014302-1024x768.jpg\" alt=\"\" class=\"uag-image-1703\" width=\"373\" height=\"480\" title=\"OLYMPUS DIGITAL CAMERA\" role=\"img\"\/><\/figure><\/div>\n\n\n\n<div class=\"wp-block-uagb-advanced-heading uagb-block-82da6484\"><h3 class=\"uagb-heading-text\">Mai\u0161ai<\/h3><p class=\"uagb-desc-text\">We manufacture a variety of plastic bags, from materials such as polypropylene and polyethylene, which are suitable for various industries. We can manufacture bags to suit your specific needs.<\/p><\/div>\n<\/div>\n\n\n\n<div class=\"wp-block-uagb-container uagb-block-b4a21a88\">\n<div class=\"wp-block-uagb-image alignleft uagb-block-2400b6c1 wp-block-uagb-image--layout-default wp-block-uagb-image--effect-static wp-block-uagb-image--align-left\"><figure class=\"wp-block-uagb-image__figure\"><img loading=\"lazy\" decoding=\"async\" srcset=\"https:\/\/suduvosklevas.lt\/wp-content\/uploads\/2024\/09\/1-20240829-085933v2-1024x559.jpg ,https:\/\/suduvosklevas.lt\/wp-content\/uploads\/2024\/09\/1-20240829-085933v2-scaled.jpg 780w, https:\/\/suduvosklevas.lt\/wp-content\/uploads\/2024\/09\/1-20240829-085933v2-scaled.jpg 360w\" sizes=\"auto, (max-width: 480px) 150px\" src=\"https:\/\/suduvosklevas.lt\/wp-content\/uploads\/2024\/09\/1-20240829-085933v2-1024x559.jpg\" alt=\"1-20240829-085933v2\" class=\"uag-image-1577\" width=\"373\" height=\"480\" title=\"1-20240829-085933v2\" role=\"img\"\/><\/figure><\/div>\n\n\n\n<div class=\"wp-block-uagb-advanced-heading uagb-block-ddf76d8a\"><h3 class=\"uagb-heading-text\">Films<\/h3><p class=\"uagb-desc-text\">We can make bands, sleeves or half sleeves. If required, the films can be provided with micro-perforations or ventilation holes.<\/p><\/div>\n<\/div>\n\n\n\n<div class=\"wp-block-uagb-container uagb-block-4be5b602\">\n<div class=\"wp-block-uagb-image alignleft uagb-block-b48fe4eb wp-block-uagb-image--layout-default wp-block-uagb-image--effect-static wp-block-uagb-image--align-left\"><figure class=\"wp-block-uagb-image__figure\"><img loading=\"lazy\" decoding=\"async\" srcset=\"https:\/\/suduvosklevas.lt\/wp-content\/uploads\/2024\/09\/person-in-red-long-sleeve-top-holding-black-plastic-bag-with-water-inside-3683218-1024x682.jpeg ,https:\/\/suduvosklevas.lt\/wp-content\/uploads\/2024\/09\/person-in-red-long-sleeve-top-holding-black-plastic-bag-with-water-inside-3683218.jpeg 780w, https:\/\/suduvosklevas.lt\/wp-content\/uploads\/2024\/09\/person-in-red-long-sleeve-top-holding-black-plastic-bag-with-water-inside-3683218.jpeg 360w\" sizes=\"auto, (max-width: 480px) 150px\" src=\"https:\/\/suduvosklevas.lt\/wp-content\/uploads\/2024\/09\/person-in-red-long-sleeve-top-holding-black-plastic-bag-with-water-inside-3683218-1024x682.jpeg\" alt=\"Person in Red Long Sleeve Top Holding Black Plastic Bag with Water Inside\" class=\"uag-image-1579\" width=\"373\" height=\"480\" title=\"person-in-red-long-sleeve-top-holding-black-plastic-bag-with-water-inside-3683218\" role=\"img\"\/><\/figure><\/div>\n\n\n\n<div class=\"wp-block-uagb-advanced-heading uagb-block-2d89467b\"><h3 class=\"uagb-heading-text\">Consultations<\/h3><p class=\"uagb-desc-text\">In addition to production, we advise on the selection of the most suitable packaging materials, tailored to your business needs, ensuring optimal functionality and design.<\/p><\/div>\n<\/div>\n<\/div>\n<\/div><\/div>\n\n\n\n<div class=\"wp-block-uagb-container uagb-block-0cf1e869 alignfull uagb-is-root-container\"><div class=\"uagb-container-inner-blocks-wrap\">\n<div class=\"wp-block-uagb-container uagb-block-8e894bf5\">\n<figure class=\"wp-block-image size-large is-resized alignleft\"><img fetchpriority=\"high\" decoding=\"async\" width=\"1024\" height=\"768\" src=\"https:\/\/suduvosklevas.lt\/wp-content\/uploads\/2024\/09\/P1014285-1024x768.jpg\" alt=\"\" class=\"wp-image-1704\" style=\"width:741px;height:auto\" srcset=\"https:\/\/suduvosklevas.lt\/wp-content\/uploads\/2024\/09\/P1014285-1024x768.jpg 1024w, https:\/\/suduvosklevas.lt\/wp-content\/uploads\/2024\/09\/P1014285-300x225.jpg 300w, https:\/\/suduvosklevas.lt\/wp-content\/uploads\/2024\/09\/P1014285-768x576.jpg 768w, https:\/\/suduvosklevas.lt\/wp-content\/uploads\/2024\/09\/P1014285-1536x1152.jpg 1536w, https:\/\/suduvosklevas.lt\/wp-content\/uploads\/2024\/09\/P1014285-2048x1536.jpg 2048w, https:\/\/suduvosklevas.lt\/wp-content\/uploads\/2024\/09\/P1014285-16x12.jpg 16w\" sizes=\"(max-width: 1024px) 100vw, 1024px\" \/><\/figure>\n<\/div>\n\n\n\n<div class=\"wp-block-uagb-container uagb-block-db5a712e\">\n<div class=\"wp-block-uagb-info-box uagb-block-69f2621f uagb-infobox__content-wrap  uagb-infobox-icon-above-title uagb-infobox-image-valign-top\"><div class=\"uagb-ifb-content\"><div class=\"uagb-ifb-title-wrap\"><h2 class=\"uagb-ifb-title\">Our journey towards sustainable packaging<\/h2><\/div><p class=\"uagb-ifb-desc\">We have more than three decades of experience in the packaging industry. UAB \"S\u016bduvos Klevas\" produces high-quality polyethylene and polypropylene products. Our technological processes ensure that we meet the diverse needs of our customers and maintain a competitive brand name.<\/p><div class=\"uagb-ifb-button-wrapper wp-block-button\"><a href=\"https:\/\/suduvosklevas.lt\/en\/about\/\" class=\"uagb-infobox-cta-link wp-block-button__link\" target=\"_self\" rel=\"noopener noreferrer\" onclick=\"return true;\"><span class=\"uagb-inline-editing\">Learn More<\/span><\/a><\/div><\/div><\/div>\n<\/div>\n<\/div><\/div>\n\n\n\n<div class=\"wp-block-uagb-container uagb-block-ec01bfa7 alignfull uagb-is-root-container\"><div class=\"uagb-container-inner-blocks-wrap\">\n<div class=\"wp-block-uagb-container uagb-block-edab58ae\">\n<div class=\"wp-block-uagb-image alignfull uagb-block-a0a7e5ed wp-block-uagb-image--layout-overlay wp-block-uagb-image--effect-static wp-block-uagb-image--align-full\"><figure class=\"wp-block-uagb-image__figure\"><img loading=\"lazy\" decoding=\"async\" srcset=\"https:\/\/suduvosklevas.lt\/wp-content\/uploads\/2024\/09\/rulonas-1024x253.jpg ,https:\/\/suduvosklevas.lt\/wp-content\/uploads\/2024\/09\/rulonas.jpg 780w, https:\/\/suduvosklevas.lt\/wp-content\/uploads\/2024\/09\/rulonas.jpg 360w\" sizes=\"auto, (max-width: 480px) 150px\" src=\"https:\/\/suduvosklevas.lt\/wp-content\/uploads\/2024\/09\/rulonas-1024x253.jpg\" alt=\"rulonas\" class=\"uag-image-1572\" width=\"1200\" height=\"296\" title=\"rulonas\" role=\"img\"\/><div class=\"wp-block-uagb-image--layout-overlay__color-wrapper\"><\/div><div class=\"wp-block-uagb-image--layout-overlay__inner center-center\"><\/div><\/figure><\/div>\n<\/div>\n\n\n\n<div class=\"wp-block-uagb-info-box uagb-block-13d69fb3 uagb-infobox__content-wrap  uagb-infobox-icon-above-title uagb-infobox-image-valign-top\"><div class=\"uagb-ifb-content\"><div class=\"uagb-ifb-title-wrap\"><h2 class=\"uagb-ifb-title\">Why choose our company?<\/h2><\/div><p class=\"uagb-ifb-desc\"><br>We can customize production according to your specific needs. Whether you need custom sizes, colors or logos, we can make it happen!<\/p><\/div><\/div>\n\n\n\n<div class=\"wp-block-uagb-container uagb-block-5bf3f238\">\n<div class=\"wp-block-uagb-container uagb-block-8b947d96\">\n<div class=\"wp-block-uagb-image uagb-block-f831083c wp-block-uagb-image--layout-default wp-block-uagb-image--effect-static wp-block-uagb-image--align-none\"><figure class=\"wp-block-uagb-image__figure\"><img loading=\"lazy\" decoding=\"async\" srcset=\"https:\/\/suduvosklevas.lt\/wp-content\/uploads\/2024\/09\/P1014156-768x1024.jpg ,https:\/\/suduvosklevas.lt\/wp-content\/uploads\/2024\/09\/P1014156-scaled.jpg 780w, https:\/\/suduvosklevas.lt\/wp-content\/uploads\/2024\/09\/P1014156-scaled.jpg 360w\" sizes=\"auto, (max-width: 480px) 150px\" src=\"https:\/\/suduvosklevas.lt\/wp-content\/uploads\/2024\/09\/P1014156-768x1024.jpg\" alt=\"\" class=\"uag-image-1706\" width=\"550\" height=\"500\" title=\"OLYMPUS DIGITAL CAMERA\" role=\"img\"\/><\/figure><\/div>\n<\/div>\n\n\n\n<div class=\"wp-block-uagb-container uagb-block-c465247c\">\n<div class=\"wp-block-uagb-info-box uagb-block-73b22374 uagb-infobox__content-wrap  uagb-infobox-icon-above-title uagb-infobox-image-valign-top\"><div class=\"uagb-ifb-content\"><div class=\"uagb-ifb-title-wrap\"><h3 class=\"uagb-ifb-title\">Decades of experience<\/h3><\/div><p class=\"uagb-ifb-desc\">With over 30 years in the industry, we use our knowledge to provide a high quality, wide range of products.<\/p><div class=\"uagb-ifb-button-wrapper wp-block-button\"><a href=\"https:\/\/suduvosklevas.lt\/en\/offerings\/\" class=\"uagb-infobox-cta-link wp-block-button__link\" target=\"_self\" rel=\"noopener noreferrer\" onclick=\"return true;\"><span class=\"uagb-inline-editing\">More<\/span><\/a><\/div><\/div><\/div>\n<\/div>\n<\/div>\n\n\n\n<div class=\"wp-block-uagb-container uagb-block-4dac132f\">\n<div class=\"wp-block-uagb-container uagb-block-44450004\">\n<div class=\"wp-block-uagb-image uagb-block-1fbbd46b wp-block-uagb-image--layout-default wp-block-uagb-image--effect-static wp-block-uagb-image--align-none\"><figure class=\"wp-block-uagb-image__figure\"><img loading=\"lazy\" decoding=\"async\" srcset=\"https:\/\/suduvosklevas.lt\/wp-content\/uploads\/2024\/09\/1-20230808-090444v2-scaled.jpg ,https:\/\/suduvosklevas.lt\/wp-content\/uploads\/2024\/09\/1-20230808-090444v2-scaled.jpg 780w, https:\/\/suduvosklevas.lt\/wp-content\/uploads\/2024\/09\/1-20230808-090444v2-scaled.jpg 360w\" sizes=\"auto, (max-width: 480px) 150px\" src=\"https:\/\/suduvosklevas.lt\/wp-content\/uploads\/2024\/09\/1-20230808-090444v2-scaled.jpg\" alt=\"\" class=\"uag-image-1578\" width=\"550\" height=\"500\" title=\"\" role=\"img\"\/><\/figure><\/div>\n<\/div>\n\n\n\n<div class=\"wp-block-uagb-container uagb-block-8b26c666\">\n<div class=\"wp-block-uagb-info-box uagb-block-af69361d uagb-infobox__content-wrap  uagb-infobox-icon-above-title uagb-infobox-image-valign-top\"><div class=\"uagb-ifb-content\"><div class=\"uagb-ifb-title-wrap\"><h3 class=\"uagb-ifb-title\"><br>Commitment to sustainability<\/h3><\/div><p class=\"uagb-ifb-desc\">We care about the environment, so all the plastic products we produce can be recycled. More than half of our production is made from secondary raw materials, and the production residues generated in the company are processed within the company. <\/p><div class=\"uagb-ifb-button-wrapper wp-block-button\"><a href=\"https:\/\/suduvosklevas.lt\/en\/offerings\/\" class=\"uagb-infobox-cta-link wp-block-button__link\" target=\"_self\" rel=\"noopener noreferrer\" onclick=\"return true;\"><span class=\"uagb-inline-editing\">More<\/span><\/a><\/div><\/div><\/div>\n<\/div>\n<\/div>\n<\/div><\/div>\n\n\n\n<div class=\"wp-block-uagb-container uagb-block-c84325e4 alignfull uagb-is-root-container\"><div class=\"uagb-container-inner-blocks-wrap\">\n<div class=\"wp-block-uagb-info-box uagb-block-d8a09d88 uagb-infobox__content-wrap  uagb-infobox-icon-above-title uagb-infobox-image-valign-top\"><div class=\"uagb-ifb-content\"><div class=\"uagb-ifb-title-wrap\"><h2 class=\"uagb-ifb-title\">Let's work together!<\/h2><\/div><p class=\"uagb-ifb-desc\">Contact us today! Let's find the best packaging solution for your business!<\/p><div class=\"uagb-ifb-button-wrapper wp-block-button\"><a href=\"https:\/\/suduvosklevas.lt\/en\/contact\/\" class=\"uagb-infobox-cta-link wp-block-button__link\" target=\"_self\" rel=\"noopener noreferrer\" onclick=\"return true;\"><span class=\"uagb-inline-editing\">Contacts<\/span><\/a><\/div><\/div><\/div>\n<\/div><\/div>\n\n\n\n<p><\/p>","protected":false},"excerpt":{"rendered":"<p>Mai\u0161ai Gaminame \u012fvairius plastikinius mai\u0161elius, i\u0161 toki\u0173 med\u017eiag\u0173 kaip polipropilenas ir polietilenas, kurie tinka \u012fvairioms pramon\u0117s \u0161akoms. Galime pagaminti mai\u0161us, [&hellip;]<\/p>","protected":false},"author":9,"featured_media":1578,"parent":0,"menu_order":0,"comment_status":"closed","ping_status":"closed","template":"","meta":{"_uag_custom_page_level_css":"","site-sidebar-layout":"default","site-content-layout":"","ast-site-content-layout":"default","site-content-style":"default","site-sidebar-style":"default","ast-global-header-display":"","ast-banner-title-visibility":"","ast-main-header-display":"","ast-hfb-above-header-display":"","ast-hfb-below-header-display":"","ast-hfb-mobile-header-display":"","site-post-title":"disabled","ast-breadcrumbs-content":"","ast-featured-img":"","footer-sml-layout":"","ast-disable-related-posts":"","theme-transparent-header-meta":"enabled","adv-header-id-meta":"","stick-header-meta":"","header-above-stick-meta":"","header-main-stick-meta":"","header-below-stick-meta":"","astra-migrate-meta-layouts":"set","ast-page-background-enabled":"default","ast-page-background-meta":{"desktop":{"background-color":"var(--ast-global-color-4)","background-image":"","background-repeat":"repeat","background-position":"center center","background-size":"auto","background-attachment":"scroll","background-type":"","background-media":"","overlay-type":"","overlay-color":"","overlay-opacity":"","overlay-gradient":""},"tablet":{"background-color":"","background-image":"","background-repeat":"repeat","background-position":"center center","background-size":"auto","background-attachment":"scroll","background-type":"","background-media":"","overlay-type":"","overlay-color":"","overlay-opacity":"","overlay-gradient":""},"mobile":{"background-color":"","background-image":"","background-repeat":"repeat","background-position":"center center","background-size":"auto","background-attachment":"scroll","background-type":"","background-media":"","overlay-type":"","overlay-color":"","overlay-opacity":"","overlay-gradient":""}},"ast-content-background-meta":{"desktop":{"background-color":"var(--ast-global-color-5)","background-image":"","background-repeat":"repeat","background-position":"center center","background-size":"auto","background-attachment":"scroll","background-type":"","background-media":"","overlay-type":"","overlay-color":"","overlay-opacity":"","overlay-gradient":""},"tablet":{"background-color":"var(--ast-global-color-5)","background-image":"","background-repeat":"repeat","background-position":"center center","background-size":"auto","background-attachment":"scroll","background-type":"","background-media":"","overlay-type":"","overlay-color":"","overlay-opacity":"","overlay-gradient":""},"mobile":{"background-color":"var(--ast-global-color-5)","background-image":"","background-repeat":"repeat","background-position":"center center","background-size":"auto","background-attachment":"scroll","background-type":"","background-media":"","overlay-type":"","overlay-color":"","overlay-opacity":"","overlay-gradient":""}},"footnotes":""},"class_list":["post-8","page","type-page","status-publish","has-post-thumbnail","hentry"],"uagb_featured_image_src":{"full":["https:\/\/suduvosklevas.lt\/wp-content\/uploads\/2024\/09\/1-20230808-090444v2-scaled.jpg",2143,2560,false],"thumbnail":["https:\/\/suduvosklevas.lt\/wp-content\/uploads\/2024\/09\/1-20230808-090444v2-150x150.jpg",150,150,true],"medium":["https:\/\/suduvosklevas.lt\/wp-content\/uploads\/2024\/09\/1-20230808-090444v2-251x300.jpg",251,300,true],"medium_large":["https:\/\/suduvosklevas.lt\/wp-content\/uploads\/2024\/09\/1-20230808-090444v2-768x917.jpg",768,917,true],"large":["https:\/\/suduvosklevas.lt\/wp-content\/uploads\/2024\/09\/1-20230808-090444v2-857x1024.jpg",857,1024,true],"1536x1536":["https:\/\/suduvosklevas.lt\/wp-content\/uploads\/2024\/09\/1-20230808-090444v2-1286x1536.jpg",1286,1536,true],"2048x2048":["https:\/\/suduvosklevas.lt\/wp-content\/uploads\/2024\/09\/1-20230808-090444v2-1714x2048.jpg",1714,2048,true],"trp-custom-language-flag":["https:\/\/suduvosklevas.lt\/wp-content\/uploads\/2024\/09\/1-20230808-090444v2-scaled.jpg",10,12,false]},"uagb_author_info":{"display_name":"VTK","author_link":"https:\/\/suduvosklevas.lt\/en\/author\/xasecv1gal5q\/"},"uagb_comment_info":0,"uagb_excerpt":"Mai\u0161ai Gaminame \u012fvairius plastikinius mai\u0161elius, i\u0161 toki\u0173 med\u017eiag\u0173 kaip polipropilenas ir polietilenas, kurie tinka \u012fvairioms pramon\u0117s \u0161akoms. Galime pagaminti mai\u0161us, [&hellip;]","_links":{"self":[{"href":"https:\/\/suduvosklevas.lt\/en\/wp-json\/wp\/v2\/pages\/8","targetHints":{"allow":["GET"]}}],"collection":[{"href":"https:\/\/suduvosklevas.lt\/en\/wp-json\/wp\/v2\/pages"}],"about":[{"href":"https:\/\/suduvosklevas.lt\/en\/wp-json\/wp\/v2\/types\/page"}],"author":[{"embeddable":true,"href":"https:\/\/suduvosklevas.lt\/en\/wp-json\/wp\/v2\/users\/9"}],"replies":[{"embeddable":true,"href":"https:\/\/suduvosklevas.lt\/en\/wp-json\/wp\/v2\/comments?post=8"}],"version-history":[{"count":12,"href":"https:\/\/suduvosklevas.lt\/en\/wp-json\/wp\/v2\/pages\/8\/revisions"}],"predecessor-version":[{"id":1713,"href":"https:\/\/suduvosklevas.lt\/en\/wp-json\/wp\/v2\/pages\/8\/revisions\/1713"}],"wp:featuredmedia":[{"embeddable":true,"href":"https:\/\/suduvosklevas.lt\/en\/wp-json\/wp\/v2\/media\/1578"}],"wp:attachment":[{"href":"https:\/\/suduvosklevas.lt\/en\/wp-json\/wp\/v2\/media?parent=8"}],"curies":[{"name":"wp","href":"https:\/\/api.w.org\/{rel}","templated":true}]}}